{"id":10706,"date":"2020-02-12T13:11:38","date_gmt":"2020-02-12T12:11:38","guid":{"rendered":"https:\/\/worm.dk\/kontakt\/"},"modified":"2025-11-20T11:28:11","modified_gmt":"2025-11-20T10:28:11","slug":"kontakt","status":"publish","type":"page","link":"https:\/\/worm.dk\/de\/kontakt\/","title":{"rendered":"Kontakt"},"content":{"rendered":"\t\t<div data-elementor-type=\"wp-page\" data-elementor-id=\"10706\" class=\"elementor elementor-10706 elementor-61\" data-elementor-post-type=\"page\">\n\t\t\t\t<div class=\"elementor-element elementor-element-293c5c0b e-con-full no-padding e-flex e-con e-parent\" data-id=\"293c5c0b\" data-element_type=\"container\">\n\t\t\t\t<div class=\"elementor-element elementor-element-cb5c06a elementor-widget elementor-widget-template\" data-id=\"cb5c06a\" data-element_type=\"widget\" data-widget_type=\"template.default\">\n\t\t\t\t<div class=\"elementor-widget-container\">\n\t\t\t\t\t\t\t<div class=\"elementor-template\">\n\t\t\t\t\t<div data-elementor-type=\"container\" data-elementor-id=\"6563\" class=\"elementor elementor-6563\" data-elementor-post-type=\"elementor_library\">\n\t\t\t\t<div class=\"elementor-element elementor-element-6b499f1f e-con-full no-padding e-flex e-con e-parent\" data-id=\"6b499f1f\" data-element_type=\"container\" data-settings=\"{&quot;background_background&quot;:&quot;classic&quot;}\">\n\t\t\t\t<div class=\"elementor-element elementor-element-1ecbb66 elementor-widget elementor-widget-template\" data-id=\"1ecbb66\" data-element_type=\"widget\" data-widget_type=\"template.default\">\n\t\t\t\t<div class=\"elementor-widget-container\">\n\t\t\t\t\t\t\t<div class=\"elementor-template\">\n\t\t\t\t\t<div data-elementor-type=\"container\" data-elementor-id=\"10818\" class=\"elementor elementor-10818 elementor-10651 elementor-6542\" data-elementor-post-type=\"elementor_library\">\n\t\t\t\t<div class=\"elementor-element elementor-element-660335e white e-flex e-con-boxed e-con e-parent\" data-id=\"660335e\" data-element_type=\"container\" data-settings=\"{&quot;background_background&quot;:&quot;classic&quot;}\">\n\t\t\t\t\t<div class=\"e-con-inner\">\n\t\t<div class=\"elementor-element elementor-element-9a0f11d e-con-full e-flex e-con e-child\" data-id=\"9a0f11d\" data-element_type=\"container\">\n\t\t<div class=\"elementor-element elementor-element-8a5d92e e-con-full e-flex e-con e-child\" data-id=\"8a5d92e\" data-element_type=\"container\">\n\t\t\t\t<\/div>\n\t\t<div class=\"elementor-element elementor-element-4bb6497 e-con-full e-flex e-con e-child\" data-id=\"4bb6497\" data-element_type=\"container\">\n\t\t<div class=\"elementor-element elementor-element-b977c5c e-con-full e-flex e-con e-child\" data-id=\"b977c5c\" data-element_type=\"container\">\n\t\t\t\t<div class=\"elementor-element elementor-element-2ecf89b cta elementor-mobile-align-justify elementor-widget-mobile__width-inherit elementor-invisible elementor-widget elementor-widget-button\" data-id=\"2ecf89b\" data-element_type=\"widget\" data-settings=\"{&quot;_animation&quot;:&quot;rotateInUpRight&quot;}\" data-widget_type=\"button.default\">\n\t\t\t\t<div class=\"elementor-widget-container\">\n\t\t\t\t\t\t\t\t\t<div class=\"elementor-button-wrapper\">\n\t\t\t\t\t<a class=\"elementor-button elementor-button-link elementor-size-sm\" href=\"tel:+4597720177\">\n\t\t\t\t\t\t<span class=\"elementor-button-content-wrapper\">\n\t\t\t\t\t\t\t\t\t<span class=\"elementor-button-text\">+45 97 72 01 77<\/span>\n\t\t\t\t\t<\/span>\n\t\t\t\t\t<\/a>\n\t\t\t\t<\/div>\n\t\t\t\t\t\t\t\t<\/div>\n\t\t\t\t<\/div>\n\t\t\t\t<div class=\"elementor-element elementor-element-78f8cfd elementor-mobile-align-justify elementor-widget-mobile__width-inherit cta border elementor-invisible elementor-widget elementor-widget-button\" data-id=\"78f8cfd\" data-element_type=\"widget\" data-settings=\"{&quot;_animation&quot;:&quot;rotateInUpRight&quot;,&quot;_animation_delay&quot;:100}\" data-widget_type=\"button.default\">\n\t\t\t\t<div class=\"elementor-widget-container\">\n\t\t\t\t\t\t\t\t\t<div class=\"elementor-button-wrapper\">\n\t\t\t\t\t<a class=\"elementor-button elementor-button-link elementor-size-sm\" href=\"https:\/\/worm.dk\/de\/kontakt\/\">\n\t\t\t\t\t\t<span class=\"elementor-button-content-wrapper\">\n\t\t\t\t\t\t\t\t\t<span class=\"elementor-button-text\">Holen Sie sich ein kostenloses Angebot<\/span>\n\t\t\t\t\t<\/span>\n\t\t\t\t\t<\/a>\n\t\t\t\t<\/div>\n\t\t\t\t\t\t\t\t<\/div>\n\t\t\t\t<\/div>\n\t\t\t\t<\/div>\n\t\t\t\t<\/div>\n\t\t\t\t<\/div>\n\t\t\t\t\t<\/div>\n\t\t\t\t<\/div>\n\t\t\t\t<\/div>\n\t\t\t\t<\/div>\n\t\t\t\t\t\t<\/div>\n\t\t\t\t<\/div>\n\t\t\t\t<\/div>\n\t\t\t\t<\/div>\n\t\t\t\t<\/div>\n\t\t\t\t\t\t<\/div>\n\t\t\t\t<\/div>\n\t\t\t\t<\/div>\n\t\t<div class=\"elementor-element elementor-element-180c4f9a e-flex e-con-boxed e-con e-parent\" data-id=\"180c4f9a\" data-element_type=\"container\">\n\t\t\t\t\t<div class=\"e-con-inner\">\n\t\t<div class=\"elementor-element elementor-element-de0e463 e-con-full no-padding e-flex e-con e-child\" data-id=\"de0e463\" data-element_type=\"container\">\n\t\t<div class=\"elementor-element elementor-element-37e53144 e-con-full e-flex e-con e-child\" data-id=\"37e53144\" data-element_type=\"container\">\n\t\t<div class=\"elementor-element elementor-element-260371ae e-con-full e-flex e-con e-child\" data-id=\"260371ae\" data-element_type=\"container\">\n\t\t\t\t<div class=\"elementor-element elementor-element-dab8d0 prehead elementor-widget elementor-widget-text-editor\" data-id=\"dab8d0\" data-element_type=\"widget\" data-widget_type=\"text-editor.default\">\n\t\t\t\t<div class=\"elementor-widget-container\">\n\t\t\t\t\t\t\t\t\t<p>Wir freuen uns darauf, von Ihnen zu h\u00f6ren!<\/p>\n\t\t\t\t\t\t\t\t<\/div>\n\t\t\t\t<\/div>\n\t\t\t\t<div class=\"elementor-element elementor-element-75a13853 elementor-widget elementor-widget-text-editor\" data-id=\"75a13853\" data-element_type=\"widget\" data-widget_type=\"text-editor.default\">\n\t\t\t\t<div class=\"elementor-widget-container\">\n\t\t\t\t\t\t\t\t\t<h2>Haben Sie Interesse? Kontaktieren Sie uns noch heute!<\/h2>\n<p>Haben Sie Fragen, ben\u00f6tigen Sie Beratung oder w\u00fcnschen Sie ein unverbindliches Angebot? Sie k\u00f6nnen uns jederzeit kontaktieren \u2013 egal, ob es sich um ein gro\u00dfes oder kleines Anliegen handelt. Rufen Sie uns an, schreiben Sie eine E-Mail oder f\u00fcllen Sie unser Kontaktformular aus. Wir melden uns schnellstm\u00f6glich bei Ihnen. Wir freuen uns, von Ihnen zu h\u00f6ren!<\/p>\n\t\t\t\t\t\t\t\t<\/div>\n\t\t\t\t<\/div>\n\t\t\t\t<\/div>\n\t\t\t\t<div class=\"elementor-element elementor-element-3a989bb elementor-widget-divider--view-line elementor-widget elementor-widget-divider\" data-id=\"3a989bb\" data-element_type=\"widget\" data-widget_type=\"divider.default\">\n\t\t\t\t<div class=\"elementor-widget-container\">\n\t\t\t\t\t\t\t<div class=\"elementor-divider\">\n\t\t\t<span class=\"elementor-divider-separator\">\n\t\t\t\t\t\t<\/span>\n\t\t<\/div>\n\t\t\t\t\t\t<\/div>\n\t\t\t\t<\/div>\n\t\t<div class=\"elementor-element elementor-element-43d56e9 e-con-full e-flex e-con e-child\" data-id=\"43d56e9\" data-element_type=\"container\">\n\t\t\t\t<div class=\"elementor-element elementor-element-28add20d elementor-position-left elementor-widget__width-initial elementor-mobile-position-left elementor-widget-laptop__width-inherit elementor-view-default elementor-widget elementor-widget-icon-box\" data-id=\"28add20d\" data-element_type=\"widget\" data-widget_type=\"icon-box.default\">\n\t\t\t\t<div class=\"elementor-widget-container\">\n\t\t\t\t\t\t\t<div class=\"elementor-icon-box-wrapper\">\n\n\t\t\t\t\t\t<div class=\"elementor-icon-box-icon\">\n\t\t\t\t<span  class=\"elementor-icon\">\n\t\t\t\t<svg aria-hidden=\"true\" class=\"e-font-icon-svg e-fas-envelope\" viewBox=\"0 0 512 512\" xmlns=\"http:\/\/www.w3.org\/2000\/svg\"><path d=\"M502.3 190.8c3.9-3.1 9.7-.2 9.7 4.7V400c0 26.5-21.5 48-48 48H48c-26.5 0-48-21.5-48-48V195.6c0-5 5.7-7.8 9.7-4.7 22.4 17.4 52.1 39.5 154.1 113.6 21.1 15.4 56.7 47.8 92.2 47.6 35.7.3 72-32.8 92.3-47.6 102-74.1 131.6-96.3 154-113.7zM256 320c23.2.4 56.6-29.2 73.4-41.4 132.7-96.3 142.8-104.7 173.4-128.7 5.8-4.5 9.2-11.5 9.2-18.9v-19c0-26.5-21.5-48-48-48H48C21.5 64 0 85.5 0 112v19c0 7.4 3.4 14.3 9.2 18.9 30.6 23.9 40.7 32.4 173.4 128.7 16.8 12.2 50.2 41.8 73.4 41.4z\"><\/path><\/svg>\t\t\t\t<\/span>\n\t\t\t<\/div>\n\t\t\t\n\t\t\t\t\t\t<div class=\"elementor-icon-box-content\">\n\n\t\t\t\t\t\t\t\t\t<p class=\"elementor-icon-box-title\">\n\t\t\t\t\t\t<span  >\n\t\t\t\t\t\t\t<a href=\"mailto:worm@worm.dk\" aria-label=\"Email adresse\">worm@worm.dk<\/a>\t\t\t\t\t\t<\/span>\n\t\t\t\t\t<\/p>\n\t\t\t\t\n\t\t\t\t\n\t\t\t<\/div>\n\t\t\t\n\t\t<\/div>\n\t\t\t\t\t\t<\/div>\n\t\t\t\t<\/div>\n\t\t\t\t<div class=\"elementor-element elementor-element-69080bb2 elementor-position-left elementor-widget__width-initial elementor-mobile-position-left elementor-widget-laptop__width-inherit elementor-view-default elementor-widget elementor-widget-icon-box\" data-id=\"69080bb2\" data-element_type=\"widget\" data-widget_type=\"icon-box.default\">\n\t\t\t\t<div class=\"elementor-widget-container\">\n\t\t\t\t\t\t\t<div class=\"elementor-icon-box-wrapper\">\n\n\t\t\t\t\t\t<div class=\"elementor-icon-box-icon\">\n\t\t\t\t<span  class=\"elementor-icon\">\n\t\t\t\t<svg aria-hidden=\"true\" class=\"e-font-icon-svg e-fas-info-circle\" viewBox=\"0 0 512 512\" xmlns=\"http:\/\/www.w3.org\/2000\/svg\"><path d=\"M256 8C119.043 8 8 119.083 8 256c0 136.997 111.043 248 248 248s248-111.003 248-248C504 119.083 392.957 8 256 8zm0 110c23.196 0 42 18.804 42 42s-18.804 42-42 42-42-18.804-42-42 18.804-42 42-42zm56 254c0 6.627-5.373 12-12 12h-88c-6.627 0-12-5.373-12-12v-24c0-6.627 5.373-12 12-12h12v-64h-12c-6.627 0-12-5.373-12-12v-24c0-6.627 5.373-12 12-12h64c6.627 0 12 5.373 12 12v100h12c6.627 0 12 5.373 12 12v24z\"><\/path><\/svg>\t\t\t\t<\/span>\n\t\t\t<\/div>\n\t\t\t\n\t\t\t\t\t\t<div class=\"elementor-icon-box-content\">\n\n\t\t\t\t\t\t\t\t\t<p class=\"elementor-icon-box-title\">\n\t\t\t\t\t\t<span  >\n\t\t\t\t\t\t\tCVR: 39708809\t\t\t\t\t\t<\/span>\n\t\t\t\t\t<\/p>\n\t\t\t\t\n\t\t\t\t\n\t\t\t<\/div>\n\t\t\t\n\t\t<\/div>\n\t\t\t\t\t\t<\/div>\n\t\t\t\t<\/div>\n\t\t\t\t<div class=\"elementor-element elementor-element-6e0d2242 elementor-position-left elementor-widget__width-initial elementor-mobile-position-left elementor-widget-laptop__width-inherit elementor-view-default elementor-widget elementor-widget-icon-box\" data-id=\"6e0d2242\" data-element_type=\"widget\" data-widget_type=\"icon-box.default\">\n\t\t\t\t<div class=\"elementor-widget-container\">\n\t\t\t\t\t\t\t<div class=\"elementor-icon-box-wrapper\">\n\n\t\t\t\t\t\t<div class=\"elementor-icon-box-icon\">\n\t\t\t\t<span  class=\"elementor-icon\">\n\t\t\t\t<svg aria-hidden=\"true\" class=\"e-font-icon-svg e-fas-phone-alt\" viewBox=\"0 0 512 512\" xmlns=\"http:\/\/www.w3.org\/2000\/svg\"><path d=\"M497.39 361.8l-112-48a24 24 0 0 0-28 6.9l-49.6 60.6A370.66 370.66 0 0 1 130.6 204.11l60.6-49.6a23.94 23.94 0 0 0 6.9-28l-48-112A24.16 24.16 0 0 0 122.6.61l-104 24A24 24 0 0 0 0 48c0 256.5 207.9 464 464 464a24 24 0 0 0 23.4-18.6l24-104a24.29 24.29 0 0 0-14.01-27.6z\"><\/path><\/svg>\t\t\t\t<\/span>\n\t\t\t<\/div>\n\t\t\t\n\t\t\t\t\t\t<div class=\"elementor-icon-box-content\">\n\n\t\t\t\t\t\t\t\t\t<p class=\"elementor-icon-box-title\">\n\t\t\t\t\t\t<span  >\n\t\t\t\t\t\t\tRufen Sie <a href=\"tel:+4597720177\" aria-label=\"Telefon nummer\">+45 97 72 01 77<\/a> an\t\t\t\t\t\t<\/span>\n\t\t\t\t\t<\/p>\n\t\t\t\t\n\t\t\t\t\n\t\t\t<\/div>\n\t\t\t\n\t\t<\/div>\n\t\t\t\t\t\t<\/div>\n\t\t\t\t<\/div>\n\t\t\t\t<div class=\"elementor-element elementor-element-4abc7bec elementor-position-left elementor-widget__width-initial elementor-mobile-position-left elementor-widget-laptop__width-inherit elementor-view-default elementor-widget elementor-widget-icon-box\" data-id=\"4abc7bec\" data-element_type=\"widget\" data-widget_type=\"icon-box.default\">\n\t\t\t\t<div class=\"elementor-widget-container\">\n\t\t\t\t\t\t\t<div class=\"elementor-icon-box-wrapper\">\n\n\t\t\t\t\t\t<div class=\"elementor-icon-box-icon\">\n\t\t\t\t<span  class=\"elementor-icon\">\n\t\t\t\t<svg aria-hidden=\"true\" class=\"e-font-icon-svg e-fas-map-marker-alt\" viewBox=\"0 0 384 512\" xmlns=\"http:\/\/www.w3.org\/2000\/svg\"><path d=\"M172.268 501.67C26.97 291.031 0 269.413 0 192 0 85.961 85.961 0 192 0s192 85.961 192 192c0 77.413-26.97 99.031-172.268 309.67-9.535 13.774-29.93 13.773-39.464 0zM192 272c44.183 0 80-35.817 80-80s-35.817-80-80-80-80 35.817-80 80 35.817 80 80 80z\"><\/path><\/svg>\t\t\t\t<\/span>\n\t\t\t<\/div>\n\t\t\t\n\t\t\t\t\t\t<div class=\"elementor-icon-box-content\">\n\n\t\t\t\t\t\t\t\t\t<p class=\"elementor-icon-box-title\">\n\t\t\t\t\t\t<span  >\n\t\t\t\t\t\t\t<a href=\"https:\/\/www.google.com\/maps\/place\/Bakkeg\u00e5rdsvej 4, 7900 Nyk\u00f8bing Mors\" target=\"_blank\" aria-label=\"Adresse\">Bakkeg\u00e5rdsvej 4, 7900 Nyk\u00f8bing Mors<\/a>\t\t\t\t\t\t<\/span>\n\t\t\t\t\t<\/p>\n\t\t\t\t\n\t\t\t\t\n\t\t\t<\/div>\n\t\t\t\n\t\t<\/div>\n\t\t\t\t\t\t<\/div>\n\t\t\t\t<\/div>\n\t\t\t\t<\/div>\n\t\t\t\t<div class=\"elementor-element elementor-element-ac61283 some elementor-widget elementor-widget-html\" data-id=\"ac61283\" data-element_type=\"widget\" data-widget_type=\"html.default\">\n\t\t\t\t<div class=\"elementor-widget-container\">\n\t\t\t\t\t<a href=\"https:\/\/www.facebook.com\/p\/Worm-100057304096717\/\" target=\"_blank\" aria-label=\"F\u00f8lg os p\u00e5 Facebook\"><i class=\"fa-brands fa-facebook-f\"><\/i><\/a><br><a href=\"https:\/\/www.linkedin.com\/company\/worm-aps\/?viewAsMember=true\" target=\"_blank\" aria-label=\"F\u00f8lg os p\u00e5 LinkedIn\"><i class=\"fa-brands fa-linkedin-in\"><\/i><\/a>\t\t\t\t<\/div>\n\t\t\t\t<\/div>\n\t\t\t\t<\/div>\n\t\t<div class=\"elementor-element elementor-element-37a0d669 e-con-full e-flex e-con e-child\" data-id=\"37a0d669\" data-element_type=\"container\">\n\t\t<div class=\"elementor-element elementor-element-30e6909c e-con-full dark e-flex e-con e-child\" data-id=\"30e6909c\" data-element_type=\"container\">\n\t\t<div class=\"elementor-element elementor-element-5d0d058 e-con-full e-flex e-con e-child\" data-id=\"5d0d058\" data-element_type=\"container\">\n\t\t\t\t<div class=\"elementor-element elementor-element-4c34651 elementor-widget elementor-widget-text-editor\" data-id=\"4c34651\" data-element_type=\"widget\" data-widget_type=\"text-editor.default\">\n\t\t\t\t<div class=\"elementor-widget-container\">\n\t\t\t\t\t\t\t\t\t<h3>Fordern Sie ein unverbindliches Angebot an<\/h3>\n<p>Wir beantworten Anfragen innerhalb von 1\u20133 Werktagen. Wenn Sie schnell eine Antwort auf Ihre Fragen ben\u00f6tigen, empfehlen wir Ihnen, uns anzurufen.<\/p>\n\t\t\t\t\t\t\t\t<\/div>\n\t\t\t\t<\/div>\n\t\t\t\t<\/div>\n\t\t\t\t<div class=\"elementor-element elementor-element-3013fb9 elementor-widget elementor-widget-wp-widget-forminator_widget\" data-id=\"3013fb9\" data-element_type=\"widget\" data-widget_type=\"wp-widget-forminator_widget.default\">\n\t\t\t\t<div class=\"elementor-widget-container\">\n\t\t\t\t\t<form id=\"forminator-module-10698\" class=\"forminator-custom-form forminator-custom-form-10698\" method=\"post\" data-forminator-render=\"0\" data-uid=\"69f5d42ba20c6\"><div role=\"alert\" aria-live=\"polite\" class=\"forminator-response-message forminator-error\" aria-hidden=\"true\"><\/div><\/form>\t\t\t\t<\/div>\n\t\t\t\t<\/div>\n\t\t\t\t<\/div>\n\t\t\t\t<\/div>\n\t\t\t\t<\/div>\n\t\t\t\t\t<\/div>\n\t\t\t\t<\/div>\n\t\t<div class=\"elementor-element elementor-element-4a36d6dc e-con-full no-padding e-flex e-con e-parent\" data-id=\"4a36d6dc\" data-element_type=\"container\">\n\t\t\t\t<div class=\"elementor-element elementor-element-4a633266 elementor-widget elementor-widget-google_maps\" data-id=\"4a633266\" data-element_type=\"widget\" data-widget_type=\"google_maps.default\">\n\t\t\t\t<div class=\"elementor-widget-container\">\n\t\t\t\t\t\t\t<div class=\"elementor-custom-embed\">\n\t\t\t<iframe loading=\"lazy\"\n\t\t\t\t\tsrc=\"https:\/\/maps.google.com\/maps?q=Bakkeg%C3%A5rdsvej%204%2C%207900%20Nyk%C3%B8bing%20Mors&#038;t=m&#038;z=10&#038;output=embed&#038;iwloc=near\"\n\t\t\t\t\ttitle=\"Bakkeg\u00e5rdsvej 4, 7900 Nyk\u00f8bing Mors\"\n\t\t\t\t\taria-label=\"Bakkeg\u00e5rdsvej 4, 7900 Nyk\u00f8bing Mors\"\n\t\t\t><\/iframe>\n\t\t<\/div>\n\t\t\t\t\t\t<\/div>\n\t\t\t\t<\/div>\n\t\t\t\t<\/div>\n\t\t\t\t<\/div>\n\t\t","protected":false},"excerpt":{"rendered":"<p>Har du sp\u00f8rgsm\u00e5l eller kommentarer? Kontakt os i dag for at h\u00f8re mere om, hvad vi kan g\u00f8re for dig.<\/p>\n","protected":false},"author":1,"featured_media":0,"parent":0,"menu_order":0,"comment_status":"closed","ping_status":"closed","template":"","meta":{"_acf_changed":false,"footnotes":""},"categories":[],"class_list":["post-10706","page","type-page","status-publish"],"acf":[],"yoast_head":"<!-- This site is optimized with the Yoast SEO plugin v27.5 - https:\/\/yoast.com\/product\/yoast-seo-wordpress\/ -->\n<title>Kontakt | Worm ApS<\/title>\n<meta name=\"robots\" content=\"index, follow, max-snippet:-1, max-image-preview:large, max-video-preview:-1\" \/>\n<link rel=\"canonical\" href=\"https:\/\/worm.dk\/de\/kontakt\/\" \/>\n<meta property=\"og:locale\" content=\"de_DE\" \/>\n<meta property=\"og:type\" content=\"article\" \/>\n<meta property=\"og:title\" content=\"Kontakt | Worm ApS\" \/>\n<meta property=\"og:description\" content=\"Har du sp\u00f8rgsm\u00e5l eller kommentarer? Kontakt os i dag for at h\u00f8re mere om, hvad vi kan g\u00f8re for dig.\" \/>\n<meta property=\"og:url\" content=\"https:\/\/worm.dk\/de\/kontakt\/\" \/>\n<meta property=\"og:site_name\" content=\"Worm ApS\" \/>\n<meta property=\"article:modified_time\" content=\"2025-11-20T10:28:11+00:00\" \/>\n<meta name=\"twitter:card\" content=\"summary_large_image\" \/>\n<meta name=\"twitter:label1\" content=\"Gesch\u00e4tzte Lesezeit\" \/>\n\t<meta name=\"twitter:data1\" content=\"1\u00a0Minute\" \/>\n<script type=\"application\/ld+json\" class=\"yoast-schema-graph\">{\"@context\":\"https:\\\/\\\/schema.org\",\"@graph\":[{\"@type\":\"WebPage\",\"@id\":\"https:\\\/\\\/worm.dk\\\/de\\\/kontakt\\\/\",\"url\":\"https:\\\/\\\/worm.dk\\\/de\\\/kontakt\\\/\",\"name\":\"Kontakt | Worm ApS\",\"isPartOf\":{\"@id\":\"https:\\\/\\\/worm.dk\\\/de\\\/#website\"},\"datePublished\":\"2020-02-12T12:11:38+00:00\",\"dateModified\":\"2025-11-20T10:28:11+00:00\",\"breadcrumb\":{\"@id\":\"https:\\\/\\\/worm.dk\\\/de\\\/kontakt\\\/#breadcrumb\"},\"inLanguage\":\"de\",\"potentialAction\":[{\"@type\":\"ReadAction\",\"target\":[\"https:\\\/\\\/worm.dk\\\/de\\\/kontakt\\\/\"]}]},{\"@type\":\"BreadcrumbList\",\"@id\":\"https:\\\/\\\/worm.dk\\\/de\\\/kontakt\\\/#breadcrumb\",\"itemListElement\":[{\"@type\":\"ListItem\",\"position\":1,\"name\":\"Forside\",\"item\":\"https:\\\/\\\/worm.dk\\\/de\\\/\"},{\"@type\":\"ListItem\",\"position\":2,\"name\":\"Kontakt\"}]},{\"@type\":\"WebSite\",\"@id\":\"https:\\\/\\\/worm.dk\\\/de\\\/#website\",\"url\":\"https:\\\/\\\/worm.dk\\\/de\\\/\",\"name\":\"Worm ApS\",\"description\":\"Subunternehmer und Schmiede mit erstklassiger Handwerkskunst\",\"publisher\":{\"@id\":\"https:\\\/\\\/worm.dk\\\/de\\\/#organization\"},\"potentialAction\":[{\"@type\":\"SearchAction\",\"target\":{\"@type\":\"EntryPoint\",\"urlTemplate\":\"https:\\\/\\\/worm.dk\\\/de\\\/?s={search_term_string}\"},\"query-input\":{\"@type\":\"PropertyValueSpecification\",\"valueRequired\":true,\"valueName\":\"search_term_string\"}}],\"inLanguage\":\"de\"},{\"@type\":\"Organization\",\"@id\":\"https:\\\/\\\/worm.dk\\\/de\\\/#organization\",\"name\":\"Worm ApS\",\"url\":\"https:\\\/\\\/worm.dk\\\/de\\\/\",\"logo\":{\"@type\":\"ImageObject\",\"inLanguage\":\"de\",\"@id\":\"https:\\\/\\\/worm.dk\\\/de\\\/#\\\/schema\\\/logo\\\/image\\\/\",\"url\":\"https:\\\/\\\/worm.dk\\\/wp-content\\\/uploads\\\/2025\\\/10\\\/worm_logo-big-1024x334-1.png\",\"contentUrl\":\"https:\\\/\\\/worm.dk\\\/wp-content\\\/uploads\\\/2025\\\/10\\\/worm_logo-big-1024x334-1.png\",\"width\":1024,\"height\":334,\"caption\":\"Worm ApS\"},\"image\":{\"@id\":\"https:\\\/\\\/worm.dk\\\/de\\\/#\\\/schema\\\/logo\\\/image\\\/\"}}]}<\/script>\n<!-- \/ Yoast SEO plugin. -->","yoast_head_json":{"title":"Kontakt | Worm ApS","robots":{"index":"index","follow":"follow","max-snippet":"max-snippet:-1","max-image-preview":"max-image-preview:large","max-video-preview":"max-video-preview:-1"},"canonical":"https:\/\/worm.dk\/de\/kontakt\/","og_locale":"de_DE","og_type":"article","og_title":"Kontakt | Worm ApS","og_description":"Har du sp\u00f8rgsm\u00e5l eller kommentarer? Kontakt os i dag for at h\u00f8re mere om, hvad vi kan g\u00f8re for dig.","og_url":"https:\/\/worm.dk\/de\/kontakt\/","og_site_name":"Worm ApS","article_modified_time":"2025-11-20T10:28:11+00:00","twitter_card":"summary_large_image","twitter_misc":{"Gesch\u00e4tzte Lesezeit":"1\u00a0Minute"},"schema":{"@context":"https:\/\/schema.org","@graph":[{"@type":"WebPage","@id":"https:\/\/worm.dk\/de\/kontakt\/","url":"https:\/\/worm.dk\/de\/kontakt\/","name":"Kontakt | Worm ApS","isPartOf":{"@id":"https:\/\/worm.dk\/de\/#website"},"datePublished":"2020-02-12T12:11:38+00:00","dateModified":"2025-11-20T10:28:11+00:00","breadcrumb":{"@id":"https:\/\/worm.dk\/de\/kontakt\/#breadcrumb"},"inLanguage":"de","potentialAction":[{"@type":"ReadAction","target":["https:\/\/worm.dk\/de\/kontakt\/"]}]},{"@type":"BreadcrumbList","@id":"https:\/\/worm.dk\/de\/kontakt\/#breadcrumb","itemListElement":[{"@type":"ListItem","position":1,"name":"Forside","item":"https:\/\/worm.dk\/de\/"},{"@type":"ListItem","position":2,"name":"Kontakt"}]},{"@type":"WebSite","@id":"https:\/\/worm.dk\/de\/#website","url":"https:\/\/worm.dk\/de\/","name":"Worm ApS","description":"Subunternehmer und Schmiede mit erstklassiger Handwerkskunst","publisher":{"@id":"https:\/\/worm.dk\/de\/#organization"},"potentialAction":[{"@type":"SearchAction","target":{"@type":"EntryPoint","urlTemplate":"https:\/\/worm.dk\/de\/?s={search_term_string}"},"query-input":{"@type":"PropertyValueSpecification","valueRequired":true,"valueName":"search_term_string"}}],"inLanguage":"de"},{"@type":"Organization","@id":"https:\/\/worm.dk\/de\/#organization","name":"Worm ApS","url":"https:\/\/worm.dk\/de\/","logo":{"@type":"ImageObject","inLanguage":"de","@id":"https:\/\/worm.dk\/de\/#\/schema\/logo\/image\/","url":"https:\/\/worm.dk\/wp-content\/uploads\/2025\/10\/worm_logo-big-1024x334-1.png","contentUrl":"https:\/\/worm.dk\/wp-content\/uploads\/2025\/10\/worm_logo-big-1024x334-1.png","width":1024,"height":334,"caption":"Worm ApS"},"image":{"@id":"https:\/\/worm.dk\/de\/#\/schema\/logo\/image\/"}}]}},"_links":{"self":[{"href":"https:\/\/worm.dk\/de\/wp-json\/wp\/v2\/pages\/10706","targetHints":{"allow":["GET"]}}],"collection":[{"href":"https:\/\/worm.dk\/de\/wp-json\/wp\/v2\/pages"}],"about":[{"href":"https:\/\/worm.dk\/de\/wp-json\/wp\/v2\/types\/page"}],"author":[{"embeddable":true,"href":"https:\/\/worm.dk\/de\/wp-json\/wp\/v2\/users\/1"}],"replies":[{"embeddable":true,"href":"https:\/\/worm.dk\/de\/wp-json\/wp\/v2\/comments?post=10706"}],"version-history":[{"count":4,"href":"https:\/\/worm.dk\/de\/wp-json\/wp\/v2\/pages\/10706\/revisions"}],"predecessor-version":[{"id":10710,"href":"https:\/\/worm.dk\/de\/wp-json\/wp\/v2\/pages\/10706\/revisions\/10710"}],"wp:attachment":[{"href":"https:\/\/worm.dk\/de\/wp-json\/wp\/v2\/media?parent=10706"}],"wp:term":[{"taxonomy":"category","embeddable":true,"href":"https:\/\/worm.dk\/de\/wp-json\/wp\/v2\/categories?post=10706"}],"curies":[{"name":"wp","href":"https:\/\/api.w.org\/{rel}","templated":true}]}}